{"id":3208,"date":"2021-06-14T10:43:20","date_gmt":"2021-06-14T08:43:20","guid":{"rendered":"https:\/\/eurocrowns.com\/rechtlicher-hinweis\/"},"modified":"2021-06-15T10:33:49","modified_gmt":"2021-06-15T08:33:49","slug":"rechtlicher-hinweis","status":"publish","type":"page","link":"https:\/\/eurocrowns.com\/de\/rechtlicher-hinweis\/","title":{"rendered":"Rechtlicher hinweis"},"content":{"rendered":"\t\t<div data-elementor-type=\"wp-post\" data-elementor-id=\"3208\" class=\"elementor elementor-3208 elementor-1089\" data-elementor-settings=\"[]\">\n\t\t\t\t\t\t<div class=\"elementor-inner\">\n\t\t\t\t\t\t\t<div class=\"elementor-section-wrap\">\n\t\t\t\t\t\t\t<section class=\"elementor-section elementor-top-section elementor-element elementor-element-907a138 elementor-section-boxed elementor-section-height-default elementor-section-height-default\" data-id=\"907a138\" data-element_type=\"section\">\n\t\t\t\t\t\t<div class=\"elementor-container elementor-column-gap-default\">\n\t\t\t\t\t\t\t<div class=\"elementor-row\">\n\t\t\t\t\t<div class=\"elementor-column elementor-col-100 elementor-top-column elementor-element elementor-element-b481c22\" data-id=\"b481c22\" data-element_type=\"column\">\n\t\t\t<div class=\"elementor-column-wrap elementor-element-populated\">\n\t\t\t\t\t\t\t<div class=\"elementor-widget-wrap\">\n\t\t\t\t\t\t<div class=\"elementor-element elementor-element-526137f elementor-widget elementor-widget-html\" data-id=\"526137f\" data-element_type=\"widget\" data-widget_type=\"html.default\">\n\t\t\t\t<div class=\"elementor-widget-container\">\n\t\t\t<h1> RECHTLICHER HINWEIS: <\/h1>\r\n\r\n<p style = \"text-align: justify\"> <strong> <\/strong> <br \/>\r\nIn \u00dcbereinstimmung mit den Bestimmungen der Artikel 6-III und 19 des Gesetzes Nr. 2004-575 vom 21. Juni 2004 zum Vertrauen in die digitale Wirtschaft, bekannt als LCEN, machen wir die Benutzer und Besucher der Website darauf aufmerksam: <a href = \"https:\/\/eurocrowns.com\/de\/\" target = \"_ blank\"> eurocrowns.com <\/a> die folgenden Informationen: <\/p>\r\n\r\n<p style = \"text-align: justify\"> <strong> EDITOR <\/strong> <\/p>\r\n\r\n<p style = \"text-align: justify\"> Die Seite <a href = \"https:\/\/eurocrowns.com\/de\/\" style = \"color: rgb (7, 130, 193); font-family: sans-serif, Arial , Verdana, \"target =\" _ blank \"> eurocrowns.com <\/a> ist das ausschlie\u00dfliche Eigentum der <strong> Ein-Personen-Gesellschaft mit beschr\u00e4nkter Haftung <\/strong> <strong> EUROCROWNS <\/strong>, die sie ver\u00f6ffentlicht. <\/p>\r\n\r\n<p style = \"text-align: justify\"> <strong> EUROCROWNS <\/strong> <strong> <\/strong> <br \/>\r\n\r\n\r\n<p style = \"text-align: justify\"> <strong> 2 RUE D EGLINGEN <\/strong> <strong> 68210 HAGENBACH <\/strong> <br \/>\r\nEingetragen im Handels- und Gesellschaftsregister von <strong> Mulhouse B 417 789 484 <\/strong> unter der Nummer <strong> <\/strong>41778948400041<\/strong> <strong> <\/strong> <\/p>\r\n\r\n<p style = \"text-align: justify\"> Innergemeinschaftliche Umsatzsteuer-Identifikationsnummer: <strong> FR36417789484 <\/strong> <br \/>\r\n<br \/> <strong> Einzelmitglied SARL <\/strong> mit einem Kapital von <strong> <\/strong> <strong> 38 112,25 \u20ac <\/strong> <\/p>\r\n\r\n\r\n\r\n<p style = \"text-align: justify\"> <strong> UNTERKUNFT <\/strong> <\/p>\r\n\r\n<p style = \"text-align: justify\"> Die Site wird gehostet von <strong> OVH 2 rue Kellermann 59053 Roubaix <\/strong> <br \/>\r\n<u> <strong> CREDITS: <\/strong> <\/u> Die rechtlichen Hinweise wurden erstellt von <strong> <a href=\"https:\/\/www.generer-mentions-legales.com\"> rechtliche Hinweise <\/a > <\/strong> <br \/>\r\n\r\n\r\n\r\n<p style = \"text-align: justify\"> <strong> BESCHREIBUNG DER BEREITGESTELLTEN DIENSTLEISTUNGEN <\/strong> <\/p>\r\n\r\n<p style = \"text-align: justify\"> Die Website <a href = \"https:\/\/eurocrowns.com\/de\/\" style = \"text-align: justify;\" target = \"_ blank\"> eurocrowns.com <\/a> m\u00f6chte \u00fcber alle Aktivit\u00e4ten des Unternehmens informieren. Der Websitebesitzer bem\u00fcht sich, auf der Website <a href = \"https:\/\/eurocrowns.com\/de\/\" style = \"text-align: justify;\" bereitzustellen. target = \"_ blank\"> eurocrowns.com <\/a> m\u00f6glichst genaue Informationen. Es kann jedoch nicht f\u00fcr Auslassungen, Ungenauigkeiten und M\u00e4ngel in der Aktualisierung verantwortlich gemacht werden, sei es selbst oder von Drittpartnern, die ihm diese Informationen zur Verf\u00fcgung stellen. Alle auf der Website angebotenen Informationen <a href = \"https:\/\/eurocrowns.com\/de\/\" style = \"text-align: justify;\" target = \"_ blank\"> eurocrowns.com <\/a> dienen nur der Information, erheben keinen Anspruch auf Vollst\u00e4ndigkeit und k\u00f6nnen sich \u00e4ndern. Sie werden vorbehaltlich der \u00c4nderungen seit ihrer Online-Stellung bereitgestellt. <\/p>\r\n\r\n<p> <strong> GEISTIGES EIGENTUM UND VERLETZUNG <\/strong> <\/p>\r\n\r\n<p> Der Inhaber der Website ist Inhaber der geistigen Eigentumsrechte oder besitzt die Nutzungsrechte an allen auf der Website zug\u00e4nglichen Elementen, insbesondere an Texten, Bildern, Grafiken, Logos, Symbolen, T\u00f6nen, Software ... Jegliche Reproduktion, Darstellung, \u00c4nderung, Ver\u00f6ffentlichung, vollst\u00e4ndige oder teilweise Anpassung der Elemente der Website, unabh\u00e4ngig von den verwendeten Mitteln oder Verfahren, ist untersagt. Jede unbefugte Nutzung der Website oder eines dieser darin enthaltenen Elemente wird als Verletzung angesehen und gem\u00e4\u00df den Bestimmungen der Artikel L.335-2 ff. des Gesetzes \u00fcber geistiges Eigentum verfolgt. <\/p>\r\n<p> <strong> HYPERTEXTE UND COOKIES <\/strong> <\/p>\r\n\r\n<p> Die Website <a href = \"https:\/\/eurocrowns.com\/de\/\" style = \"text-align: justify;\" target = \"_ blank\"> eurocrowns.com <\/a> enth\u00e4lt eine Reihe von Hypertext-Links zu anderen Sites (Partner, Informationen usw.), die mit Genehmigung des Eigent\u00fcmers der Site eingerichtet wurden. Der Seitenbetreiber hat jedoch keine M\u00f6glichkeit, den Inhalt der so besuchten Seiten zu \u00fcberpr\u00fcfen und lehnt daher jegliche Verantwortung f\u00fcr diese Tatsache im Hinblick auf die m\u00f6glichen Risiken rechtswidriger Inhalte ab. Der Benutzer wird darauf hingewiesen, dass bei seinen Besuchen der Website <a href = \"https:\/\/eurocrowns.com\/de\/\" style = \"text-align: justify;\" target = \"_ blank\"> eurocrowns.com <\/a>, k\u00f6nnen ein oder mehrere Cookies automatisch auf ihrem Computer installiert werden. Ein Cookie ist eine kleine Datei, die keine Identifizierung des Benutzers erm\u00f6glicht, aber Informationen \u00fcber die Navigation eines Computers auf einer Website aufzeichnet. Die so gewonnenen Daten sollen die sp\u00e4tere Navigation auf der Seite erleichtern und auch verschiedene Anwesenheitsma\u00dfnahmen erm\u00f6glichen. Die Konfiguration der Navigationssoftware erm\u00f6glicht es, \u00fcber das Vorhandensein eines Cookies zu informieren und m\u00f6glicherweise auf die unter der folgenden Adresse beschriebene Weise abzulehnen: www.cnil.fr Die Verweigerung der Installation eines Cookies kann den Zugriff auf bestimmte '' unm\u00f6glich machen Dienstleistungen. Der Benutzer kann seinen Computer jedoch wie folgt konfigurieren, um die Installation von Cookies abzulehnen: Im Internet Explorer: Registerkarte Tool \/ Internetoptionen. Klicken Sie auf Datenschutz und w\u00e4hlen Sie Alle Cookies blockieren. Best\u00e4tigen Sie mit Ok. In Netscape: Registerkarte Edition \/ Einstellungen. Klicken Sie auf Erweitert und w\u00e4hlen Sie Cookies deaktivieren. Best\u00e4tigen Sie mit Ok. <\/p>\r\n\r\n<p> <strong> SCHUTZ VON EIGENTUM UND PERSONEN - VERWALTUNG PERSONENBEZOGENER DATEN <\/strong> <\/p>\r\n\r\n<p> Benutzer: Internetbenutzer, der sich \u00fcber die oben genannte Site verbindet: <a href = \"https:\/\/eurocrowns.com\/de\/\" style = \"text-align: justify;\" target = \"_ blank\"> eurocrowns.com <\/a> In Frankreich sind personenbezogene Daten insbesondere durch das Gesetz Nr. 78-87 vom 6. Januar 1978, das Gesetz Nr. 2004-801 vom 6. August 2004, Artikel L . gesch\u00fctzt . 226-13 des Strafgesetzbuches und der europ\u00e4ischen Richtlinie vom 24. Oktober 1995. <\/p>\r\n\r\n<p> Auf der Website <a href = \"https:\/\/eurocrowns.com\/de\/\" style = \"text-align: justify;\" target = \"_ blank\"> eurocrowns.com <\/a>, der Eigent\u00fcmer der Website sammelt personenbezogene Daten des Benutzers nur f\u00fcr den Bedarf bestimmter von der Website angebotener Dienste <a href = \"https:\/\/eurocrowns.com\/de\/ \"style =\" text-align: ausrichten; \" target = \"_ blank\"> eurocrowns.com <\/a>. Der Nutzer stellt diese Informationen in voller Kenntnis des Sachverhalts zur Verf\u00fcgung, insbesondere wenn er diese selbst eingibt. Es wird dann dem Benutzer der Site <a href = \"https:\/\/eurocrowns.com\/de\/\" style = \"text-align: justify;\" target = \"_ blank\"> eurocrowns.com <\/a> ob Sie diese Informationen angeben m\u00fcssen oder nicht. Gem\u00e4\u00df den Bestimmungen der Artikel 38 ff. des Gesetzes 78-17 vom 6. Januar 1978 \u00fcber Datenverarbeitung, Dateien und Freiheiten hat jeder Benutzer ein Recht auf Zugang, Berichtigung, L\u00f6schung und Widerspruch gegen die ihn betreffenden personenbezogenen Daten. Um dieses Recht auszu\u00fcben, senden Sie Ihre Anfrage an <a href = \"https:\/\/eurocrowns.com\/de\/\" style = \"text-align: justify;\" target = \"_ blank\"> eurocrowns.com <\/a> per E-Mail: E-Mail des Webmasters oder durch schriftliche und unterzeichnete Anfrage, zusammen mit einer Kopie des Ausweises mit Unterschrift des Inhabers des Dokuments unter Angabe der Adresse an die die Antwort gesendet werden soll. <\/p>\r\n\r\n<p> Keine pers\u00f6nlichen Informationen des Benutzers der Site <a href = \"https:\/\/eurocrowns.com\/de\/\" style = \"text-align: justify;\" target = \"_ blank\"> eurocrowns.com <\/a> wird ohne Wissen des Nutzers nicht ver\u00f6ffentlicht, ausgetauscht, \u00fcbertragen, abgetreten oder auf irgendeinem Medium an Dritte verkauft. Lediglich die Annahme der \u00dcbernahme der Seite <a href = \"https:\/\/eurocrowns.com\/de\/\" style = \"text-align: justify;\" target = \"_ blank\"> eurocrowns.com <\/a> an den Eigent\u00fcmer der Website und seine Rechte w\u00fcrden die \u00dcbermittlung dieser Informationen an den potenziellen K\u00e4ufer erm\u00f6glichen, der wiederum an die gleiche Verpflichtung zur Speicherung und \u00c4nderung von Daten gebunden w\u00e4re Respekt an den Benutzer der Site <a href = \"https:\/\/eurocrowns.com\/de\/\" style = \"text-align: justify;\" target = \"_ blank\"> eurocrowns.com <\/a>. <\/p>\r\n\r\n<p> Die Datenbanken sind durch die Bestimmungen des Gesetzes vom 1. Juli 1998 zur Umsetzung der Richtlinie 96\/9 vom 11. M\u00e4rz 1996 \u00fcber den Rechtsschutz von Datenbanken gesch\u00fctzt. <\/p>\r\n\t\t<\/div>\n\t\t\t\t<\/div>\n\t\t\t\t\t\t<\/div>\n\t\t\t\t\t<\/div>\n\t\t<\/div>\n\t\t\t\t\t\t\t\t<\/div>\n\t\t\t\t\t<\/div>\n\t\t<\/section>\n\t\t\t\t\t\t<\/div>\n\t\t\t\t\t\t<\/div>\n\t\t\t\t\t<\/div>\n\t\t","protected":false},"excerpt":{"rendered":"<p>RECHTLICHER HINWEIS: In \u00dcbereinstimmung mit den Bestimmungen der Artikel 6-III und 19 des Gesetzes Nr. 2004-575 vom 21. Juni 2004 zum Vertrauen in die digitale Wirtschaft, bekannt als LCEN, machen wir die Benutzer und Besucher der Website darauf aufmerksam: eurocrowns.com die folgenden Informationen: EDITOR Die Seite eurocrowns.com ist das ausschlie\u00dfliche Eigentum der Ein-Personen-Gesellschaft mit beschr\u00e4nkter [&hellip;]<\/p>\n","protected":false},"author":1,"featured_media":0,"parent":0,"menu_order":0,"comment_status":"closed","ping_status":"closed","template":"template\/full-width-template.php","meta":[],"_links":{"self":[{"href":"https:\/\/eurocrowns.com\/de\/wp-json\/wp\/v2\/pages\/3208"}],"collection":[{"href":"https:\/\/eurocrowns.com\/de\/wp-json\/wp\/v2\/pages"}],"about":[{"href":"https:\/\/eurocrowns.com\/de\/wp-json\/wp\/v2\/types\/page"}],"author":[{"embeddable":true,"href":"https:\/\/eurocrowns.com\/de\/wp-json\/wp\/v2\/users\/1"}],"replies":[{"embeddable":true,"href":"https:\/\/eurocrowns.com\/de\/wp-json\/wp\/v2\/comments?post=3208"}],"version-history":[{"count":16,"href":"https:\/\/eurocrowns.com\/de\/wp-json\/wp\/v2\/pages\/3208\/revisions"}],"predecessor-version":[{"id":3237,"href":"https:\/\/eurocrowns.com\/de\/wp-json\/wp\/v2\/pages\/3208\/revisions\/3237"}],"wp:attachment":[{"href":"https:\/\/eurocrowns.com\/de\/wp-json\/wp\/v2\/media?parent=3208"}],"curies":[{"name":"wp","href":"https:\/\/api.w.org\/{rel}","templated":true}]}}